{"id":64,"date":"2021-09-23T08:49:10","date_gmt":"2021-09-23T15:49:10","guid":{"rendered":"https:\/\/import.bellevuetheme.com\/tinyhome\/?page_id=366"},"modified":"2025-06-10T23:16:25","modified_gmt":"2025-06-10T20:16:25","slug":"about-us","status":"publish","type":"page","link":"https:\/\/118alacati.com\/tr\/about-us\/","title":{"rendered":"Hakk\u0131m\u0131zda"},"content":{"rendered":"<div data-elementor-type=\"wp-page\" data-elementor-id=\"64\" class=\"elementor elementor-64\" data-elementor-post-type=\"page\">\n\t\t\t\t\t\t<section class=\"elementor-section elementor-top-section elementor-element elementor-element-72419fdc elementor-section-full_width elementor-section-height-default elementor-section-height-default\" data-id=\"72419fdc\" data-element_type=\"section\" data-settings=\"{&quot;background_background&quot;:&quot;classic&quot;}\">\n\t\t\t\t\t\t<div class=\"elementor-container elementor-column-gap-no\">\n\t\t\t\t\t<div class=\"elementor-column elementor-col-50 elementor-top-column elementor-element elementor-element-2de386ee\" data-id=\"2de386ee\" data-element_type=\"column\" data-settings=\"{&quot;background_background&quot;:&quot;classic&quot;}\">\n\t\t\t<div class=\"elementor-widget-wrap elementor-element-populated\">\n\t\t\t\t\t\t<div class=\"elementor-element elementor-element-51648f1a elementor-widget__width-initial elementor-widget-tablet__width-inherit elementor-widget-mobile__width-inherit elementor-widget elementor-widget-text-editor\" data-id=\"51648f1a\" data-element_type=\"widget\" data-widget_type=\"text-editor.default\">\n\t\t\t\t<div class=\"elementor-widget-container\">\n\t\t\t\t\t\t\t\t\t<p>Anasayfa - Hakk\u0131m\u0131zda<\/p>\t\t\t\t\t\t\t\t<\/div>\n\t\t\t\t<\/div>\n\t\t\t\t<div class=\"elementor-element elementor-element-3e99f61e elementor-widget__width-initial elementor-hidden-mobile elementor-widget-tablet__width-inherit elementor-hidden-tablet elementor-widget elementor-widget-image\" data-id=\"3e99f61e\" data-element_type=\"widget\" data-widget_type=\"image.default\">\n\t\t\t\t<div class=\"elementor-widget-container\">\n\t\t\t\t\t\t\t\t\t\t\t\t\t\t\t<img fetchpriority=\"high\" decoding=\"async\" width=\"1442\" height=\"1440\" src=\"https:\/\/118alacati.com\/wp-content\/uploads\/2021\/09\/IMG20220614190104-website-scaled-1-e1724426067288.jpg\" class=\"attachment-full size-full wp-image-344\" alt=\"\" srcset=\"https:\/\/118alacati.com\/wp-content\/uploads\/2021\/09\/IMG20220614190104-website-scaled-1-e1724426067288.jpg 1442w, https:\/\/118alacati.com\/wp-content\/uploads\/2021\/09\/IMG20220614190104-website-scaled-1-e1724426067288-300x300.jpg 300w, https:\/\/118alacati.com\/wp-content\/uploads\/2021\/09\/IMG20220614190104-website-scaled-1-e1724426067288-1024x1024.jpg 1024w, https:\/\/118alacati.com\/wp-content\/uploads\/2021\/09\/IMG20220614190104-website-scaled-1-e1724426067288-150x150.jpg 150w, https:\/\/118alacati.com\/wp-content\/uploads\/2021\/09\/IMG20220614190104-website-scaled-1-e1724426067288-768x767.jpg 768w, https:\/\/118alacati.com\/wp-content\/uploads\/2021\/09\/IMG20220614190104-website-scaled-1-e1724426067288-80x80.jpg 80w, https:\/\/118alacati.com\/wp-content\/uploads\/2021\/09\/IMG20220614190104-website-scaled-1-e1724426067288-394x394.jpg 394w, https:\/\/118alacati.com\/wp-content\/uploads\/2021\/09\/IMG20220614190104-website-scaled-1-e1724426067288-303x303.jpg 303w, https:\/\/118alacati.com\/wp-content\/uploads\/2021\/09\/IMG20220614190104-website-scaled-1-e1724426067288-605x605.jpg 605w, https:\/\/118alacati.com\/wp-content\/uploads\/2021\/09\/IMG20220614190104-website-scaled-1-e1724426067288-701x700.jpg 701w, https:\/\/118alacati.com\/wp-content\/uploads\/2021\/09\/IMG20220614190104-website-scaled-1-e1724426067288-951x950.jpg 951w, https:\/\/118alacati.com\/wp-content\/uploads\/2021\/09\/IMG20220614190104-website-scaled-1-e1724426067288-1082x1080.jpg 1082w, https:\/\/118alacati.com\/wp-content\/uploads\/2021\/09\/IMG20220614190104-website-scaled-1-e1724426067288-100x100.jpg 100w, https:\/\/118alacati.com\/wp-content\/uploads\/2021\/09\/IMG20220614190104-website-scaled-1-e1724426067288-600x599.jpg 600w\" sizes=\"(max-width: 1442px) 100vw, 1442px\" \/>\t\t\t\t\t\t\t\t\t\t\t\t\t\t\t<\/div>\n\t\t\t\t<\/div>\n\t\t\t\t<div class=\"elementor-element elementor-element-48113ba8 elementor-widget__width-initial elementor-widget-tablet__width-inherit elementor-widget-mobile__width-inherit elementor-view-default elementor-position-top elementor-widget elementor-widget-themo-header\" data-id=\"48113ba8\" data-element_type=\"widget\" data-widget_type=\"themo-header.default\">\n\t\t\t\t<div class=\"elementor-widget-container\">\n\t\t\t\t\t\t\t<div class=\"th-header-wrap\">\n        <div class=\"elementor-icon-box-wrapper\">\n                            <div class=\"elementor-icon-box-content\">\n                    <h1 class=\"elementor-icon-box-title\">\n                        Hakk\u0131m\u0131zda                    <\/h1>\n                                        <p class=\"elementor-icon-box-description\"><\/p>\n\n                                    <\/div>\n            <\/div>\n\n        <\/div>\n\n\t\t\t\t\t\t<\/div>\n\t\t\t\t<\/div>\n\t\t\t\t<div class=\"elementor-element elementor-element-c4f7cb3 elementor-widget__width-initial elementor-widget-tablet__width-inherit elementor-widget-mobile__width-inherit elementor-widget elementor-widget-text-editor\" data-id=\"c4f7cb3\" data-element_type=\"widget\" data-widget_type=\"text-editor.default\">\n\t\t\t\t<div class=\"elementor-widget-container\">\n\t\t\t\t\t\t\t\t\t<p class=\"translation-block\"><strong>118 Ala\u00e7at\u0131<\/strong>'ya ho\u015f geldiniz, konforun \u015f\u0131kl\u0131kla bulu\u015ftu\u011fu yer. Sakin Hac\u0131 Memi\u015f mahallesinde yer alan butik apart otelimiz, Ala\u00e7at\u0131'n\u0131n b\u00fcy\u00fcleyici atmosferini ya\u015famak isteyenler i\u00e7in huzurlu bir ka\u00e7\u0131\u015f sunar.<\/p>\t\t\t\t\t\t\t\t<\/div>\n\t\t\t\t<\/div>\n\t\t\t\t\t<\/div>\n\t\t<\/div>\n\t\t\t\t<div class=\"elementor-column elementor-col-50 elementor-top-column elementor-element elementor-element-38c71ab elementor-hidden-phone\" data-id=\"38c71ab\" data-element_type=\"column\" data-settings=\"{&quot;background_background&quot;:&quot;classic&quot;}\">\n\t\t\t<div class=\"elementor-widget-wrap elementor-element-populated\">\n\t\t\t\t\t\t\t<\/div>\n\t\t<\/div>\n\t\t\t\t\t<\/div>\n\t\t<\/section>\n\t\t\t\t<section class=\"elementor-section elementor-top-section elementor-element elementor-element-27cffd79 elementor-reverse-tablet elementor-reverse-mobile elementor-section-boxed elementor-section-height-default elementor-section-height-default\" data-id=\"27cffd79\" data-element_type=\"section\">\n\t\t\t\t\t\t<div class=\"elementor-container elementor-column-gap-default\">\n\t\t\t\t\t<div class=\"elementor-column elementor-col-50 elementor-top-column elementor-element elementor-element-26b6a411\" data-id=\"26b6a411\" data-element_type=\"column\">\n\t\t\t<div class=\"elementor-widget-wrap elementor-element-populated\">\n\t\t\t\t\t\t<div class=\"elementor-element elementor-element-2992477a elementor-widget elementor-widget-image\" data-id=\"2992477a\" data-element_type=\"widget\" data-widget_type=\"image.default\">\n\t\t\t\t<div class=\"elementor-widget-container\">\n\t\t\t\t\t\t\t\t\t\t\t\t\t\t\t<img decoding=\"async\" width=\"605\" height=\"806\" src=\"https:\/\/118alacati.com\/wp-content\/uploads\/2024\/08\/IMG_5129-605x806.jpg\" class=\"attachment-th_img_md_portrait size-th_img_md_portrait wp-image-540\" alt=\"\" \/>\t\t\t\t\t\t\t\t\t\t\t\t\t\t\t<\/div>\n\t\t\t\t<\/div>\n\t\t\t\t\t<\/div>\n\t\t<\/div>\n\t\t\t\t<div class=\"elementor-column elementor-col-50 elementor-top-column elementor-element elementor-element-2a424e63\" data-id=\"2a424e63\" data-element_type=\"column\">\n\t\t\t<div class=\"elementor-widget-wrap elementor-element-populated\">\n\t\t\t\t\t\t<div class=\"elementor-element elementor-element-3570ec21 elementor-align-left kk-btn-1 elementor-widget elementor-widget-button\" data-id=\"3570ec21\" data-element_type=\"widget\" data-widget_type=\"button.default\">\n\t\t\t\t<div class=\"elementor-widget-container\">\n\t\t\t\t\t\t\t\t\t<div class=\"elementor-button-wrapper\">\n\t\t\t\t\t<a class=\"elementor-button elementor-size-sm\" role=\"button\">\n\t\t\t\t\t\t<span class=\"elementor-button-content-wrapper\">\n\t\t\t\t\t\t\t\t\t<span class=\"elementor-button-text\">1-Hikayemiz<\/span>\n\t\t\t\t\t<\/span>\n\t\t\t\t\t<\/a>\n\t\t\t\t<\/div>\n\t\t\t\t\t\t\t\t<\/div>\n\t\t\t\t<\/div>\n\t\t\t\t<div class=\"elementor-element elementor-element-4e510ce5 elementor-view-default elementor-position-top elementor-widget elementor-widget-themo-header\" data-id=\"4e510ce5\" data-element_type=\"widget\" data-widget_type=\"themo-header.default\">\n\t\t\t\t<div class=\"elementor-widget-container\">\n\t\t\t\t\t\t\t<div class=\"th-header-wrap\">\n        <div class=\"elementor-icon-box-wrapper\">\n                            <div class=\"elementor-icon-box-content\">\n                    <h3 class=\"elementor-icon-box-title\">\n                        Sanatsal atmosfer ve k\u00fclt\u00fcrel zenginlik                    <\/h3>\n                                        <p class=\"elementor-icon-box-description\"><\/p>\n\n                                    <\/div>\n            <\/div>\n\n        <\/div>\n\n\t\t\t\t\t\t<\/div>\n\t\t\t\t<\/div>\n\t\t\t\t<div class=\"elementor-element elementor-element-7fc7204b elementor-widget elementor-widget-text-editor\" data-id=\"7fc7204b\" data-element_type=\"widget\" data-widget_type=\"text-editor.default\">\n\t\t\t\t<div class=\"elementor-widget-container\">\n\t\t\t\t\t\t\t\t\t<p class=\"translation-block\"><strong>118 Ala\u00e7at\u0131<\/strong>'ya ho\u015f geldiniz, konforun \u015f\u0131kl\u0131kla bulu\u015ftu\u011fu yer. Sakin Hac\u0131 Memi\u015f mahallesinde bulunan otelimizin, ola\u011fan\u00fcst\u00fc bir deneyim sunma konusundaki tarih ve tutkusu 20 y\u0131l \u00f6ncesine dayan\u0131yor. Ala\u00e7at\u0131'n\u0131n b\u00fcy\u00fcleyici atmosferine kendini kapt\u0131rmak isteyenler i\u00e7in huzurlu bir ka\u00e7\u0131\u015f sunuyoruz. S\u00fcitlerimiz, National Geographic foto\u011fraf\u00e7\u0131s\u0131 Matthieu Paley'in foto\u011fraf \u00e7al\u0131\u015fmalar\u0131 ve G\u00fcney Asya seyahatlerinden toplanan eserlerle s\u00fcslenmi\u015ftir, sanatsal bir ortam ve k\u00fclt\u00fcrel zenginlik sunmaktad\u0131r.<\/p><p>S\u00fcrd\u00fcr\u00fclebilir ya\u015fama derinden ba\u011fl\u0131y\u0131z. \u0130n\u015faat\u0131m\u0131zda kullan\u0131lan ekolojik malzemelerden, s\u00fcitlerimizdeki enerji verimli cihazlar ve su tasarrufu sa\u011flayan armat\u00fcrlere kadar her detay, \u00e7evresel ayak izimizi en aza indirirken konfor ve l\u00fcks\u00fc maksimize edecek \u015fekilde tasarlanm\u0131\u015ft\u0131r. S\u00fcitlerimiz ayr\u0131ca modern, enerji verimli cihazlarla donat\u0131lm\u0131\u015f tam donan\u0131ml\u0131 mutfaklar sunar, b\u00f6ylece misafirlerimiz konaklamalar\u0131 s\u0131ras\u0131nda ev yap\u0131m\u0131 yemeklerin rahatl\u0131\u011f\u0131n\u0131n tad\u0131n\u0131 \u00e7\u0131karabilirler.<\/p>\t\t\t\t\t\t\t\t<\/div>\n\t\t\t\t<\/div>\n\t\t\t\t\t<\/div>\n\t\t<\/div>\n\t\t\t\t\t<\/div>\n\t\t<\/section>\n\t\t\t\t<section class=\"elementor-section elementor-top-section elementor-element elementor-element-726e65c5 elementor-reverse-tablet elementor-reverse-mobile elementor-section-boxed elementor-section-height-default elementor-section-height-default\" data-id=\"726e65c5\" data-element_type=\"section\">\n\t\t\t\t\t\t<div class=\"elementor-container elementor-column-gap-default\">\n\t\t\t\t\t<div class=\"elementor-column elementor-col-50 elementor-top-column elementor-element elementor-element-6d27bf13\" data-id=\"6d27bf13\" data-element_type=\"column\">\n\t\t\t<div class=\"elementor-widget-wrap elementor-element-populated\">\n\t\t\t\t\t\t<div class=\"elementor-element elementor-element-2aa74a35 elementor-widget elementor-widget-image\" data-id=\"2aa74a35\" data-element_type=\"widget\" data-widget_type=\"image.default\">\n\t\t\t\t<div class=\"elementor-widget-container\">\n\t\t\t\t\t\t\t\t\t\t\t\t\t\t\t<img decoding=\"async\" width=\"605\" height=\"806\" src=\"https:\/\/118alacati.com\/wp-content\/uploads\/2024\/08\/IMG_5221-605x806.jpg\" class=\"attachment-th_img_md_portrait size-th_img_md_portrait wp-image-551\" alt=\"\" srcset=\"https:\/\/118alacati.com\/wp-content\/uploads\/2024\/08\/IMG_5221-605x806.jpg 605w, https:\/\/118alacati.com\/wp-content\/uploads\/2024\/08\/IMG_5221-225x300.jpg 225w, https:\/\/118alacati.com\/wp-content\/uploads\/2024\/08\/IMG_5221-768x1024.jpg 768w, https:\/\/118alacati.com\/wp-content\/uploads\/2024\/08\/IMG_5221-1152x1536.jpg 1152w, https:\/\/118alacati.com\/wp-content\/uploads\/2024\/08\/IMG_5221-60x80.jpg 60w, https:\/\/118alacati.com\/wp-content\/uploads\/2024\/08\/IMG_5221-227x303.jpg 227w, https:\/\/118alacati.com\/wp-content\/uploads\/2024\/08\/IMG_5221-525x700.jpg 525w, https:\/\/118alacati.com\/wp-content\/uploads\/2024\/08\/IMG_5221-713x950.jpg 713w, https:\/\/118alacati.com\/wp-content\/uploads\/2024\/08\/IMG_5221-810x1080.jpg 810w, https:\/\/118alacati.com\/wp-content\/uploads\/2024\/08\/IMG_5221-75x100.jpg 75w, https:\/\/118alacati.com\/wp-content\/uploads\/2024\/08\/IMG_5221-600x800.jpg 600w, https:\/\/118alacati.com\/wp-content\/uploads\/2024\/08\/IMG_5221.jpg 1200w\" sizes=\"(max-width: 605px) 100vw, 605px\" \/>\t\t\t\t\t\t\t\t\t\t\t\t\t\t\t<\/div>\n\t\t\t\t<\/div>\n\t\t\t\t\t<\/div>\n\t\t<\/div>\n\t\t\t\t<div class=\"elementor-column elementor-col-50 elementor-top-column elementor-element elementor-element-7a39da4\" data-id=\"7a39da4\" data-element_type=\"column\">\n\t\t\t<div class=\"elementor-widget-wrap elementor-element-populated\">\n\t\t\t\t\t\t<div class=\"elementor-element elementor-element-6583cc29 elementor-align-left kk-btn-1 elementor-widget elementor-widget-button\" data-id=\"6583cc29\" data-element_type=\"widget\" data-widget_type=\"button.default\">\n\t\t\t\t<div class=\"elementor-widget-container\">\n\t\t\t\t\t\t\t\t\t<div class=\"elementor-button-wrapper\">\n\t\t\t\t\t<a class=\"elementor-button elementor-size-sm\" role=\"button\">\n\t\t\t\t\t\t<span class=\"elementor-button-content-wrapper\">\n\t\t\t\t\t\t\t\t\t<span class=\"elementor-button-text\">2-Hikayemiz<\/span>\n\t\t\t\t\t<\/span>\n\t\t\t\t\t<\/a>\n\t\t\t\t<\/div>\n\t\t\t\t\t\t\t\t<\/div>\n\t\t\t\t<\/div>\n\t\t\t\t<div class=\"elementor-element elementor-element-6eb0107b elementor-view-default elementor-position-top elementor-widget elementor-widget-themo-header\" data-id=\"6eb0107b\" data-element_type=\"widget\" data-widget_type=\"themo-header.default\">\n\t\t\t\t<div class=\"elementor-widget-container\">\n\t\t\t\t\t\t\t<div class=\"th-header-wrap\">\n        <div class=\"elementor-icon-box-wrapper\">\n                            <div class=\"elementor-icon-box-content\">\n                    <h3 class=\"elementor-icon-box-title\">\n                        K\u00f6kenlerimiz                    <\/h3>\n                                        <p class=\"elementor-icon-box-description\"><\/p>\n\n                                    <\/div>\n            <\/div>\n\n        <\/div>\n\n\t\t\t\t\t\t<\/div>\n\t\t\t\t<\/div>\n\t\t\t\t<div class=\"elementor-element elementor-element-7f6b8f71 elementor-widget elementor-widget-text-editor\" data-id=\"7f6b8f71\" data-element_type=\"widget\" data-widget_type=\"text-editor.default\">\n\t\t\t\t<div class=\"elementor-widget-container\">\n\t\t\t\t\t\t\t\t\t<p class=\"translation-block\">Yolculu\u011fumuz, Ala\u00e7at\u0131'n\u0131n b\u00fcy\u00fcleyici g\u00fczelli\u011fi i\u00e7inde bir evden uzakta bir ev yaratma vizyonuyla ba\u015flad\u0131. Kasaban\u0131n b\u00fcy\u00fcleyici ta\u015f evlerinden ve canl\u0131 k\u00fclt\u00fcr\u00fcnden ilham alarak, <strong>118 Ala\u00e7at\u0131<\/strong> do\u011fdu. Her s\u00fcit, modern konforlar ve zarif dokunu\u015flar sunarak titizlikle tasarlanm\u0131\u015ft\u0131r. S\u00fcrd\u00fcr\u00fclebilirli\u011fe b\u00fcy\u00fck \u00f6nem vererek, s\u00fcitlerimiz ekolojik malzemeler kullan\u0131larak in\u015fa edilmi\u015ftir ve enerji verimli sistemlerle donat\u0131lm\u0131\u015ft\u0131r.<\/p><p>G\u00fczel bah\u00e7e s\u00fcitleri veya l\u00fcks teras s\u00fcitleri olsun, her alan tarz, s\u00fcrd\u00fcr\u00fclebilirlik ve i\u015flevselli\u011fe olan ba\u011fl\u0131l\u0131\u011f\u0131m\u0131z\u0131 yans\u0131t\u0131r. Her s\u00fcitte bulunan tam donan\u0131ml\u0131 mutfaklar, konuklar\u0131m\u0131z\u0131n taze, yerel malzemeler kullanarak kendi yemeklerini haz\u0131rlamalar\u0131na olanak tan\u0131r ve Ala\u00e7at\u0131'n\u0131n k\u00fclt\u00fcr\u00fc ve mutfa\u011f\u0131na olan deneyimlerini daha da geli\u015ftirir. Amac\u0131m\u0131z, hem l\u00fcks hem de \u00e7evreye duyarl\u0131 ola\u011fan\u00fcst\u00fc bir konaklama sa\u011flamakt\u0131r.<\/p>\t\t\t\t\t\t\t\t<\/div>\n\t\t\t\t<\/div>\n\t\t\t\t\t<\/div>\n\t\t<\/div>\n\t\t\t\t\t<\/div>\n\t\t<\/section>\n\t\t\t\t<section class=\"elementor-section elementor-top-section elementor-element elementor-element-c5e3b81 elementor-section-full_width elementor-section-height-default elementor-section-height-default\" data-id=\"c5e3b81\" data-element_type=\"section\">\n\t\t\t\t\t\t<div class=\"elementor-container elementor-column-gap-default\">\n\t\t\t\t\t<div class=\"elementor-column elementor-col-100 elementor-top-column elementor-element elementor-element-1549395c\" data-id=\"1549395c\" data-element_type=\"column\">\n\t\t\t<div class=\"elementor-widget-wrap elementor-element-populated\">\n\t\t\t\t\t\t<div class=\"elementor-element elementor-element-3dca64cf elementor-arrows-position-inside elementor-widget elementor-widget-image-carousel\" data-id=\"3dca64cf\" data-element_type=\"widget\" data-settings=\"{&quot;slides_to_show&quot;:&quot;4&quot;,&quot;slides_to_scroll&quot;:&quot;1&quot;,&quot;navigation&quot;:&quot;arrows&quot;,&quot;autoplay&quot;:&quot;no&quot;,&quot;infinite&quot;:&quot;yes&quot;,&quot;speed&quot;:500,&quot;image_spacing_custom&quot;:{&quot;unit&quot;:&quot;px&quot;,&quot;size&quot;:20,&quot;sizes&quot;:[]},&quot;image_spacing_custom_tablet&quot;:{&quot;unit&quot;:&quot;px&quot;,&quot;size&quot;:&quot;&quot;,&quot;sizes&quot;:[]},&quot;image_spacing_custom_mobile&quot;:{&quot;unit&quot;:&quot;px&quot;,&quot;size&quot;:&quot;&quot;,&quot;sizes&quot;:[]}}\" data-widget_type=\"image-carousel.default\">\n\t\t\t\t<div class=\"elementor-widget-container\">\n\t\t\t\t\t\t\t<div class=\"elementor-image-carousel-wrapper swiper\" role=\"region\" aria-roledescription=\"carousel\" aria-label=\"Image Carousel\" dir=\"ltr\">\n\t\t\t<div class=\"elementor-image-carousel swiper-wrapper\" aria-live=\"polite\">\n\t\t\t\t\t\t\t\t<div class=\"swiper-slide\" role=\"group\" aria-roledescription=\"slide\" aria-label=\"1 \/ 4\"><figure class=\"swiper-slide-inner\"><img decoding=\"async\" class=\"swiper-slide-image\" src=\"https:\/\/118alacati.com\/wp-content\/uploads\/2021\/09\/IMG_5047-605x605.jpg\" alt=\"IMG_5047\" \/><\/figure><\/div><div class=\"swiper-slide\" role=\"group\" aria-roledescription=\"slide\" aria-label=\"2 \/ 4\"><figure class=\"swiper-slide-inner\"><img decoding=\"async\" class=\"swiper-slide-image\" src=\"https:\/\/118alacati.com\/wp-content\/uploads\/2024\/08\/IMG_5155-605x605.jpg\" alt=\"IMG_5155\" \/><\/figure><\/div><div class=\"swiper-slide\" role=\"group\" aria-roledescription=\"slide\" aria-label=\"3 \/ 4\"><figure class=\"swiper-slide-inner\"><img decoding=\"async\" class=\"swiper-slide-image\" src=\"https:\/\/118alacati.com\/wp-content\/uploads\/2024\/08\/IMG_5094-605x605.jpg\" alt=\"IMG_5094\" \/><\/figure><\/div><div class=\"swiper-slide\" role=\"group\" aria-roledescription=\"slide\" aria-label=\"4 \/ 4\"><figure class=\"swiper-slide-inner\"><img decoding=\"async\" class=\"swiper-slide-image\" src=\"https:\/\/118alacati.com\/wp-content\/uploads\/2024\/08\/IMG_4704-605x605.jpg\" alt=\"IMG_4704\" \/><\/figure><\/div>\t\t\t<\/div>\n\t\t\t\t\t\t\t\t\t\t\t\t<div class=\"elementor-swiper-button elementor-swiper-button-prev\" role=\"button\" tabindex=\"0\">\n\t\t\t\t\t\t<i aria-hidden=\"true\" class=\"eicon-chevron-left\"><\/i>\t\t\t\t\t<\/div>\n\t\t\t\t\t<div class=\"elementor-swiper-button elementor-swiper-button-next\" role=\"button\" tabindex=\"0\">\n\t\t\t\t\t\t<i aria-hidden=\"true\" class=\"eicon-chevron-right\"><\/i>\t\t\t\t\t<\/div>\n\t\t\t\t\n\t\t\t\t\t\t\t\t\t<\/div>\n\t\t\t\t\t\t<\/div>\n\t\t\t\t<\/div>\n\t\t\t\t\t<\/div>\n\t\t<\/div>\n\t\t\t\t\t<\/div>\n\t\t<\/section>\n\t\t\t\t<\/div>","protected":false},"excerpt":{"rendered":"<p>Home &#8211; About us About Us Welcome to 118 Ala\u00e7at\u0131, where comfort meets elegance. Located in the serene Hac\u0131 Memi\u015f neighborhood, our boutique apartment hotel provides a tranquil escape for those wishing to experience the enchanting atmosphere of Ala\u00e7at\u0131. 1-Our &hellip; <a href=\"https:\/\/118alacati.com\/tr\/about-us\/\">Devam\u0131<\/a><\/p>","protected":false},"author":1,"featured_media":0,"parent":0,"menu_order":1,"comment_status":"closed","ping_status":"closed","template":"","meta":{"footnotes":""},"class_list":["post-64","page","type-page","status-publish","hentry"],"_links":{"self":[{"href":"https:\/\/118alacati.com\/tr\/wp-json\/wp\/v2\/pages\/64","targetHints":{"allow":["GET"]}}],"collection":[{"href":"https:\/\/118alacati.com\/tr\/wp-json\/wp\/v2\/pages"}],"about":[{"href":"https:\/\/118alacati.com\/tr\/wp-json\/wp\/v2\/types\/page"}],"author":[{"embeddable":true,"href":"https:\/\/118alacati.com\/tr\/wp-json\/wp\/v2\/users\/1"}],"replies":[{"embeddable":true,"href":"https:\/\/118alacati.com\/tr\/wp-json\/wp\/v2\/comments?post=64"}],"version-history":[{"count":3,"href":"https:\/\/118alacati.com\/tr\/wp-json\/wp\/v2\/pages\/64\/revisions"}],"predecessor-version":[{"id":1308,"href":"https:\/\/118alacati.com\/tr\/wp-json\/wp\/v2\/pages\/64\/revisions\/1308"}],"wp:attachment":[{"href":"https:\/\/118alacati.com\/tr\/wp-json\/wp\/v2\/media?parent=64"}],"curies":[{"name":"wp","href":"https:\/\/api.w.org\/{rel}","templated":true}]}}