{"id":35,"date":"2021-10-12T17:00:46","date_gmt":"2021-10-13T00:00:46","guid":{"rendered":"https:\/\/import.bellevuetheme.com\/tinyhome\/?page_id=3034"},"modified":"2025-01-25T18:14:06","modified_gmt":"2025-01-25T18:14:06","slug":"terms-conditions","status":"publish","type":"page","link":"https:\/\/118alacati.com\/tr\/booking-confirmation\/terms-conditions\/","title":{"rendered":"Terms &#038; Conditions"},"content":{"rendered":"<div data-elementor-type=\"wp-page\" data-elementor-id=\"35\" class=\"elementor elementor-35\" data-elementor-post-type=\"page\">\n\t\t\t\t\t\t<section class=\"elementor-section elementor-top-section elementor-element elementor-element-75a69b50 elementor-section-boxed elementor-section-height-default elementor-section-height-default\" data-id=\"75a69b50\" data-element_type=\"section\">\n\t\t\t\t\t\t<div class=\"elementor-container elementor-column-gap-default\">\n\t\t\t\t\t<div class=\"elementor-column elementor-col-100 elementor-top-column elementor-element elementor-element-7023ef3f\" data-id=\"7023ef3f\" data-element_type=\"column\">\n\t\t\t<div class=\"elementor-widget-wrap elementor-element-populated\">\n\t\t\t\t\t\t<div class=\"elementor-element elementor-element-8615bae elementor-widget elementor-widget-text-editor\" data-id=\"8615bae\" data-element_type=\"widget\" data-widget_type=\"text-editor.default\">\n\t\t\t\t<div class=\"elementor-widget-container\">\n\t\t\t\t\t\t\t\t\t<h2>118alacati.com &#8211; Terms and Conditions<\/h2>\n<p><br \/>Last Updated: 01\/01\/2025<\/p>\n<p>The Terms and Conditions address the rights of intellectual property owners, license holders, users, and visitors of 118alacati.com and the products and services offered through this website. Visitors and users of the aforementioned website agree to comply with these Terms and Conditions. Otherwise, relevant individuals must immediately terminate their access to the website.<\/p>\n<h3>Privacy and Protection of Personal Data:<\/h3>\n<p>Personal data is processed through the aforementioned website. You can access the Privacy Notice we have prepared for visitors and users at any time. Please make sure to read this Notice.<\/p>\n<h3>Intellectual Property:<\/h3>\n<p>All intellectual property rights, whether registered or unregistered, concerning texts, codes, graphics, logos, images, trademarks, patents, designs, methods, and other content published by or on behalf of 118 Ala\u00e7at\u0131 on the website governed by these Terms and Conditions belong to the legal entity of 118 Ala\u00e7at\u0131. Reproduction or copying of these materials without written permission is strictly prohibited.<\/p>\n<h3>General Provisions:<\/h3>\n<p>Visitors and users agree to use the website solely for lawful purposes and not to engage in any activities that may violate the rights of third parties. Visitors and users are individually responsible for all actions and activities they carry out during their visitation and usage, both legally and criminally.<\/p>\n<h3>Limitation of Liability:<\/h3>\n<p>118 Ala\u00e7at\u0131\u2019s liability for damages arising from the use of the addresses is limited to intent and gross negligence.<\/p>\n<h3>Dispute Resolution:<\/h3>\n<p>Turkish law shall apply to any disputes arising from the implementation or interpretation of the Terms and Conditions. \u0130zmir courts shall have jurisdiction.<\/p>\t\t\t\t\t\t\t\t<\/div>\n\t\t\t\t<\/div>\n\t\t\t\t\t<\/div>\n\t\t<\/div>\n\t\t\t\t\t<\/div>\n\t\t<\/section>\n\t\t\t\t<\/div>","protected":false},"excerpt":{"rendered":"<p>118alacati.com &#8211; Terms and Conditions Last Updated: 01\/01\/2025 The Terms and Conditions address the rights of intellectual property owners, license holders, users, and visitors of 118alacati.com and the products and services offered through this website. Visitors and users of the &hellip; <a href=\"https:\/\/118alacati.com\/tr\/booking-confirmation\/terms-conditions\/\">Devam\u0131<\/a><\/p>","protected":false},"author":1,"featured_media":0,"parent":41,"menu_order":1,"comment_status":"closed","ping_status":"closed","template":"","meta":{"footnotes":""},"class_list":["post-35","page","type-page","status-publish","hentry"],"_links":{"self":[{"href":"https:\/\/118alacati.com\/tr\/wp-json\/wp\/v2\/pages\/35","targetHints":{"allow":["GET"]}}],"collection":[{"href":"https:\/\/118alacati.com\/tr\/wp-json\/wp\/v2\/pages"}],"about":[{"href":"https:\/\/118alacati.com\/tr\/wp-json\/wp\/v2\/types\/page"}],"author":[{"embeddable":true,"href":"https:\/\/118alacati.com\/tr\/wp-json\/wp\/v2\/users\/1"}],"replies":[{"embeddable":true,"href":"https:\/\/118alacati.com\/tr\/wp-json\/wp\/v2\/comments?post=35"}],"version-history":[{"count":0,"href":"https:\/\/118alacati.com\/tr\/wp-json\/wp\/v2\/pages\/35\/revisions"}],"up":[{"embeddable":true,"href":"https:\/\/118alacati.com\/tr\/wp-json\/wp\/v2\/pages\/41"}],"wp:attachment":[{"href":"https:\/\/118alacati.com\/tr\/wp-json\/wp\/v2\/media?parent=35"}],"curies":[{"name":"wp","href":"https:\/\/api.w.org\/{rel}","templated":true}]}}