{"id":1398,"date":"2025-12-29T15:31:27","date_gmt":"2025-12-29T12:31:27","guid":{"rendered":"https:\/\/118alacati.com\/?page_id=1398"},"modified":"2025-12-29T16:26:16","modified_gmt":"2025-12-29T13:26:16","slug":"2025-sustainable-tourism-activity-report","status":"publish","type":"page","link":"https:\/\/118alacati.com\/tr\/2025-sustainable-tourism-activity-report\/","title":{"rendered":"2025 S\u00fcrd\u00fcr\u00fclebilir Turizm Faaliyet Raporu"},"content":{"rendered":"<div data-elementor-type=\"wp-page\" data-elementor-id=\"1398\" class=\"elementor elementor-1398\" data-elementor-post-type=\"page\">\n\t\t\t\t\t\t<section class=\"elementor-section elementor-top-section elementor-element elementor-element-5a2e0390 elementor-section-boxed elementor-section-height-default elementor-section-height-default\" data-id=\"5a2e0390\" data-element_type=\"section\">\n\t\t\t\t\t\t<div class=\"elementor-container elementor-column-gap-default\">\n\t\t\t\t\t<div class=\"elementor-column elementor-col-100 elementor-top-column elementor-element elementor-element-146c8177\" data-id=\"146c8177\" data-element_type=\"column\">\n\t\t\t<div class=\"elementor-widget-wrap elementor-element-populated\">\n\t\t\t\t\t\t<div class=\"elementor-element elementor-element-539acc4c elementor-widget elementor-widget-text-editor\" data-id=\"539acc4c\" data-element_type=\"widget\" data-widget_type=\"text-editor.default\">\n\t\t\t\t<div class=\"elementor-widget-container\">\n\t\t\t\t\t\t\t\t\t<h1><b>2025 YILI S\u00dcRD\u00dcR\u00dcLEB\u0130L\u0130R TUR\u0130ZM FAAL\u0130YET RAPORU<\/b><\/h1><h2><b>1. Genel Yakla\u015f\u0131m<\/b><\/h2><p><span style=\"font-weight: 400;\">118 Hotel Ala\u00e7at\u0131, s\u00fcrd\u00fcr\u00fclebilir turizm ilkelerini temel alan, \u00e7evreye ve topluma kar\u015f\u0131 sorumluluk bilinciyle faaliyet g\u00f6steren bir konaklama tesisidir. Tesisimiz; do\u011fal kaynaklar\u0131n korunmas\u0131, \u00e7evresel etkilerin azalt\u0131lmas\u0131 ve yerel kalk\u0131nman\u0131n desteklenmesi amac\u0131yla \u00e7al\u0131\u015fmalar\u0131n\u0131 s\u00fcrd\u00fcrmektedir.<\/span><\/p><p><span style=\"font-weight: 400;\">Bu rapor, tesisimizin s\u00fcrd\u00fcr\u00fclebilirlik yakla\u015f\u0131m\u0131n\u0131, uygulamalar\u0131n\u0131 ve gelecek hedeflerini kamuoyu ile payla\u015fmak amac\u0131yla haz\u0131rlanm\u0131\u015ft\u0131r.<\/span><\/p><h3><b>2. \u00c7evresel Sorumluluk ve Kaynak Y\u00f6netimi<\/b><\/h3><p><span style=\"font-weight: 400;\">Tesisimizde do\u011fal kaynaklar\u0131n verimli kullan\u0131lmas\u0131 \u00f6ncelikli hedeflerimizdendir.<\/span><\/p><ul><li style=\"font-weight: 400;\" aria-level=\"1\"><span style=\"font-weight: 400;\">Is\u0131tma sisteminde yerden \u0131s\u0131tma ve \u0131s\u0131 pompas\u0131 teknolojisi kullan\u0131lmaktad\u0131r.<\/span><\/li><li style=\"font-weight: 400;\" aria-level=\"1\"><span style=\"font-weight: 400;\">Yap\u0131 genelinde y\u00fcksek yal\u0131t\u0131m \u00f6zellikli malzemeler tercih edilmi\u015ftir.<\/span><\/li><li style=\"font-weight: 400;\" aria-level=\"1\"><span style=\"font-weight: 400;\">Pencere sistemleri \u0131s\u0131 yal\u0131t\u0131ml\u0131 camlardan olu\u015fmaktad\u0131r.<\/span><\/li><li style=\"font-weight: 400;\" aria-level=\"1\"><span style=\"font-weight: 400;\">Ayd\u0131nlatmalarda d\u00fc\u015f\u00fck enerji t\u00fcketimli LED ampuller kullan\u0131lmaktad\u0131r.<\/span><\/li><li style=\"font-weight: 400;\" aria-level=\"1\"><span style=\"font-weight: 400;\">Enerji verimlili\u011fini art\u0131rmak amac\u0131yla d\u00fczenli bak\u0131m ve kontrol \u00e7al\u0131\u015fmalar\u0131 yap\u0131lmaktad\u0131r.<\/span><\/li><\/ul><p><span style=\"font-weight: 400;\">Bu uygulamalar ile enerji t\u00fcketimi azalt\u0131larak \u00e7evresel etki en aza indirilmektedir.<\/span><\/p><ol start=\"3\"><li><b> 3. Su Y\u00f6netimi ve Tasarruf Uygulamalar\u0131<\/b><\/li><\/ol><ul><li style=\"font-weight: 400;\" aria-level=\"1\"><span style=\"font-weight: 400;\">Misafir kullan\u0131m\u0131na sunulan i\u00e7me suyu, \u00e7ok a\u015famal\u0131 filtreleme sistemlerinden ge\u00e7irilerek alkalinli sa\u011flanmaktad\u0131r.<\/span><\/li><li style=\"font-weight: 400;\" aria-level=\"1\"><span style=\"font-weight: 400;\">Tek kullan\u0131ml\u0131k plastik \u015fi\u015fe kullan\u0131m\u0131 bulunmamaktad\u0131r.<\/span><\/li><li style=\"font-weight: 400;\" aria-level=\"1\"><span style=\"font-weight: 400;\">Su t\u00fcketimini azaltmaya y\u00f6nelik bilgilendirici y\u00f6nlendirmeler oda i\u00e7erisinde yer almaktad\u0131r.<\/span><\/li><li style=\"font-weight: 400;\" aria-level=\"1\"><span style=\"font-weight: 400;\">Bah\u00e7e sulamalar\u0131 kontroll\u00fc ve ihtiya\u00e7 do\u011frultusunda yap\u0131lmaktad\u0131r.<\/span><\/li><\/ul><ol start=\"4\"><li><b> 4. Temizlik, Hijyen ve Kimyasal Kullan\u0131m\u0131<\/b><\/li><\/ol><ul><li style=\"font-weight: 400;\" aria-level=\"1\"><span style=\"font-weight: 400;\">Temizlik s\u00fcre\u00e7lerinde \u00e7evreye duyarl\u0131 ve insan sa\u011fl\u0131\u011f\u0131na zarar vermeyen \u00fcr\u00fcnler tercih edilmektedir.<\/span><\/li><li style=\"font-weight: 400;\" aria-level=\"1\"><span style=\"font-weight: 400;\">Kimyasal kullan\u0131m\u0131n\u0131n azalt\u0131lmas\u0131 ve kontroll\u00fc kullan\u0131m\u0131 esas al\u0131nmaktad\u0131r.<\/span><\/li><li style=\"font-weight: 400;\" aria-level=\"1\"><span style=\"font-weight: 400;\">Hijyen standartlar\u0131 d\u00fczenli olarak g\u00f6zden ge\u00e7irilmekte ve geli\u015ftirilmektedir.<\/span><\/li><\/ul><ol start=\"5\"><li><b> 5. Yap\u0131, Malzeme ve Mimari Yakla\u015f\u0131m<\/b><\/li><\/ol><ul><li style=\"font-weight: 400;\" aria-level=\"1\"><span style=\"font-weight: 400;\">Yap\u0131 d\u0131\u015f cephesi do\u011fal ta\u015f kaplama olup, nefes alabilen y\u00fczey koruma sistemleri uygulanm\u0131\u015ft\u0131r.<\/span><\/li><li style=\"font-weight: 400;\" aria-level=\"1\"><span style=\"font-weight: 400;\">\u00c7at\u0131 alanlar\u0131nda do\u011fal malzemeler tercih edilmi\u015ftir.<\/span><\/li><li style=\"font-weight: 400;\" aria-level=\"1\"><span style=\"font-weight: 400;\">Bah\u00e7e ve balkon zeminlerinde \u00e7evreyle uyumlu geri d\u00f6n\u00fc\u015f\u00fcm malzemeler kullan\u0131lmaktad\u0131r.<\/span><\/li><li style=\"font-weight: 400;\" aria-level=\"1\"><span style=\"font-weight: 400;\">\u0130\u00e7 ve d\u0131\u015f alanlarda kullan\u0131lan dekoratif unsurlar geri d\u00f6n\u00fc\u015ft\u00fcr\u00fclebilir niteliktedir.<\/span><\/li><\/ul><ol start=\"6\"><li><b> 6. At\u0131k Y\u00f6netimi<\/b><\/li><\/ol><ul><li style=\"font-weight: 400;\" aria-level=\"1\"><span style=\"font-weight: 400;\">At\u0131klar t\u00fcrlerine g\u00f6re ayr\u0131\u015ft\u0131r\u0131lmakta ve uygun \u015fekilde bertaraf edilmektedir.<\/span><\/li><li style=\"font-weight: 400;\" aria-level=\"1\"><span style=\"font-weight: 400;\">Geri d\u00f6n\u00fc\u015ft\u00fcr\u00fclebilir at\u0131klar yetkili birimlere teslim edilmektedir.<\/span><\/li><li style=\"font-weight: 400;\" aria-level=\"1\"><span style=\"font-weight: 400;\">Tek kullan\u0131ml\u0131k \u00fcr\u00fcn kullan\u0131m\u0131 azalt\u0131lmaktad\u0131r.<\/span><\/li><\/ul><ol start=\"7\"><li><b> 7. Toplumsal Sorumluluk ve Yerel Katk\u0131<\/b><\/li><\/ol><ul><li style=\"font-weight: 400;\" aria-level=\"1\"><span style=\"font-weight: 400;\">Yerel istihdam desteklenmektedir.<\/span><\/li><li style=\"font-weight: 400;\" aria-level=\"1\"><span style=\"font-weight: 400;\">Yerel \u00fcreticilerle i\u015f birli\u011fi yap\u0131lmas\u0131na \u00f6zen g\u00f6sterilmektedir.<\/span><\/li><li style=\"font-weight: 400;\" aria-level=\"1\"><span style=\"font-weight: 400;\">B\u00f6lgenin k\u00fclt\u00fcrel ve do\u011fal de\u011ferlerinin korunmas\u0131na katk\u0131 sa\u011flanmaktad\u0131r.<\/span><\/li><li style=\"font-weight: 400;\" aria-level=\"1\"><span style=\"font-weight: 400;\">Misafirler, b\u00f6lgenin k\u00fclt\u00fcrel ve do\u011fal miras\u0131 hakk\u0131nda bilgilendirilmektedir.<\/span><\/li><\/ul><ol start=\"8\"><li><b> 8. Misafir Memnuniyeti ve Geri Bildirim<\/b><\/li><\/ol><ul><li style=\"font-weight: 400;\" aria-level=\"1\"><span style=\"font-weight: 400;\">Misafir g\u00f6r\u00fc\u015f ve \u00f6nerileri d\u00fczenli olarak de\u011ferlendirilir.<\/span><\/li><li style=\"font-weight: 400;\" aria-level=\"1\"><span style=\"font-weight: 400;\">Geri bildirimler do\u011frultusunda hizmet kalitesi s\u00fcrekli olarak geli\u015ftirilir.<\/span><\/li><li style=\"font-weight: 400;\" aria-level=\"1\"><span style=\"font-weight: 400;\">\u015eeffaf, g\u00fcvenilir ve misafir odakl\u0131 bir hizmet anlay\u0131\u015f\u0131 benimsenmektedir.<\/span><\/li><\/ul><ol start=\"9\"><li><b> 9. Gelecek Hedefleri<\/b><\/li><\/ol><ul><li style=\"font-weight: 400;\" aria-level=\"1\"><span style=\"font-weight: 400;\">Enerji ve su t\u00fcketiminin daha da azalt\u0131lmas\u0131,<\/span><\/li><li style=\"font-weight: 400;\" aria-level=\"1\"><span style=\"font-weight: 400;\">S\u00fcrd\u00fcr\u00fclebilir \u00fcr\u00fcn kullan\u0131m\u0131n\u0131n art\u0131r\u0131lmas\u0131,<\/span><\/li><li style=\"font-weight: 400;\" aria-level=\"1\"><span style=\"font-weight: 400;\">At\u0131k y\u00f6netimi uygulamalar\u0131n\u0131n geli\u015ftirilmesi,<\/span><\/li><li style=\"font-weight: 400;\" aria-level=\"1\"><span style=\"font-weight: 400;\">Personel e\u011fitimlerinin art\u0131r\u0131lmas\u0131,<\/span><\/li><li style=\"font-weight: 400;\" aria-level=\"1\"><span style=\"font-weight: 400;\">Misafir fark\u0131ndal\u0131\u011f\u0131n\u0131 art\u0131racak bilgilendirme \u00e7al\u0131\u015fmalar\u0131n\u0131n yayg\u0131nla\u015ft\u0131r\u0131lmas\u0131 hedeflenmektedir.<\/span><\/li><\/ul><p><span style=\"font-weight: 400;\">118 Hotel Ala\u00e7at\u0131, s\u00fcrd\u00fcr\u00fclebilir turizmi bir sorumluluk olarak g\u00f6rmekte ve bu do\u011frultuda faaliyetlerini s\u00fcrekli geli\u015ftirmeyi taahh\u00fct etmektedir.<\/span><\/p>\t\t\t\t\t\t\t\t<\/div>\n\t\t\t\t<\/div>\n\t\t\t\t\t<\/div>\n\t\t<\/div>\n\t\t\t\t\t<\/div>\n\t\t<\/section>\n\t\t\t\t<\/div>","protected":false},"excerpt":{"rendered":"<p>2025 SUSTAINABLE TOURISM ACTIVITY REPORT 1. General Approach 118 Hotel Ala\u00e7at\u0131 is an accommodation facility that operates with an awareness of responsibility towards the environment and society, based on the principles of sustainable tourism. Our facility continues its efforts for &hellip; <a href=\"https:\/\/118alacati.com\/tr\/2025-sustainable-tourism-activity-report\/\">Devam\u0131<\/a><\/p>","protected":false},"author":1,"featured_media":0,"parent":0,"menu_order":0,"comment_status":"closed","ping_status":"closed","template":"","meta":{"footnotes":""},"class_list":["post-1398","page","type-page","status-publish","hentry"],"_links":{"self":[{"href":"https:\/\/118alacati.com\/tr\/wp-json\/wp\/v2\/pages\/1398","targetHints":{"allow":["GET"]}}],"collection":[{"href":"https:\/\/118alacati.com\/tr\/wp-json\/wp\/v2\/pages"}],"about":[{"href":"https:\/\/118alacati.com\/tr\/wp-json\/wp\/v2\/types\/page"}],"author":[{"embeddable":true,"href":"https:\/\/118alacati.com\/tr\/wp-json\/wp\/v2\/users\/1"}],"replies":[{"embeddable":true,"href":"https:\/\/118alacati.com\/tr\/wp-json\/wp\/v2\/comments?post=1398"}],"version-history":[{"count":19,"href":"https:\/\/118alacati.com\/tr\/wp-json\/wp\/v2\/pages\/1398\/revisions"}],"predecessor-version":[{"id":1423,"href":"https:\/\/118alacati.com\/tr\/wp-json\/wp\/v2\/pages\/1398\/revisions\/1423"}],"wp:attachment":[{"href":"https:\/\/118alacati.com\/tr\/wp-json\/wp\/v2\/media?parent=1398"}],"curies":[{"name":"wp","href":"https:\/\/api.w.org\/{rel}","templated":true}]}}